{"id":150,"date":"2023-01-13T09:38:50","date_gmt":"2023-01-13T14:38:50","guid":{"rendered":"https:\/\/mundofotografico.net\/quito\/?page_id=150"},"modified":"2023-01-13T09:48:24","modified_gmt":"2023-01-13T14:48:24","slug":"tienda","status":"publish","type":"page","link":"https:\/\/mundofotografico.net\/quito\/tienda\/","title":{"rendered":"Tienda"},"content":{"rendered":"\t\t<div data-elementor-type=\"wp-page\" data-elementor-id=\"150\" class=\"elementor elementor-150\" data-elementor-post-type=\"page\">\n\t\t\t\t\t\t<section class=\"elementor-section elementor-top-section elementor-element elementor-element-58f93ed elementor-section-boxed elementor-section-height-default elementor-section-height-default\" data-id=\"58f93ed\" data-element_type=\"section\" data-e-type=\"section\">\n\t\t\t\t\t\t<div class=\"elementor-container elementor-column-gap-default\">\n\t\t\t\t\t<div class=\"elementor-column elementor-col-100 elementor-top-column elementor-element elementor-element-3bc1c2b\" data-id=\"3bc1c2b\" data-element_type=\"column\" data-e-type=\"column\">\n\t\t\t<div class=\"elementor-widget-wrap elementor-element-populated\">\n\t\t\t\t\t\t<div class=\"elementor-element elementor-element-646c311 elementor-widget elementor-widget-image\" data-id=\"646c311\" data-element_type=\"widget\" data-e-type=\"widget\" data-widget_type=\"image.default\">\n\t\t\t\t<div class=\"elementor-widget-container\">\n\t\t\t\t\t\t\t\t\t\t\t\t\t\t\t<img fetchpriority=\"high\" decoding=\"async\" width=\"800\" height=\"600\" src=\"https:\/\/i0.wp.com\/mundofotografico.net\/quito\/wp-content\/uploads\/2023\/01\/tienda1.jpg?fit=800%2C600&amp;ssl=1\" class=\"attachment-large size-large wp-image-153\" alt=\"\" srcset=\"https:\/\/i0.wp.com\/mundofotografico.net\/quito\/wp-content\/uploads\/2023\/01\/tienda1.jpg?w=1024&amp;ssl=1 1024w, https:\/\/i0.wp.com\/mundofotografico.net\/quito\/wp-content\/uploads\/2023\/01\/tienda1.jpg?resize=300%2C225&amp;ssl=1 300w, https:\/\/i0.wp.com\/mundofotografico.net\/quito\/wp-content\/uploads\/2023\/01\/tienda1.jpg?resize=768%2C576&amp;ssl=1 768w\" sizes=\"(max-width: 800px) 100vw, 800px\" \/>\t\t\t\t\t\t\t\t\t\t\t\t\t\t\t<\/div>\n\t\t\t\t<\/div>\n\t\t\t\t<div class=\"elementor-element elementor-element-bdcf047 elementor-widget elementor-widget-text-editor\" data-id=\"bdcf047\" data-element_type=\"widget\" data-e-type=\"widget\" data-widget_type=\"text-editor.default\">\n\t\t\t\t<div class=\"elementor-widget-container\">\n\t\t\t\t\t\t\t\t\t<p>Visita nuestra tienda para comprar equipos, luces, lentes, bater\u00edas, marcos, \u00e1lbumes, bolsos, maletines, y muchos equipos m\u00e1s.\u00a0<\/p>\t\t\t\t\t\t\t\t<\/div>\n\t\t\t\t<\/div>\n\t\t\t\t\t<\/div>\n\t\t<\/div>\n\t\t\t\t\t<\/div>\n\t\t<\/section>\n\t\t\t\t<\/div>\n\t\t","protected":false},"excerpt":{"rendered":"<p>Visita nuestra tienda para comprar equipos, luces, lentes, bater\u00edas, marcos, \u00e1lbumes, bolsos, maletines, y muchos equipos m\u00e1s.\u00a0<\/p>\n","protected":false},"author":1,"featured_media":0,"parent":0,"menu_order":0,"comment_status":"closed","ping_status":"open","template":"","meta":{"footnotes":""},"class_list":["post-150","page","type-page","status-publish","hentry"],"jetpack_sharing_enabled":true,"rttpg_featured_image_url":null,"rttpg_author":{"display_name":"admin","author_link":"https:\/\/mundofotografico.net\/quito\/author\/admin\/"},"rttpg_comment":0,"rttpg_category":null,"rttpg_excerpt":"Visita nuestra tienda para comprar equipos, luces, lentes, bater\u00edas, marcos, \u00e1lbumes, bolsos, maletines, y muchos equipos m\u00e1s.\u00a0","_links":{"self":[{"href":"https:\/\/mundofotografico.net\/quito\/wp-json\/wp\/v2\/pages\/150","targetHints":{"allow":["GET"]}}],"collection":[{"href":"https:\/\/mundofotografico.net\/quito\/wp-json\/wp\/v2\/pages"}],"about":[{"href":"https:\/\/mundofotografico.net\/quito\/wp-json\/wp\/v2\/types\/page"}],"author":[{"embeddable":true,"href":"https:\/\/mundofotografico.net\/quito\/wp-json\/wp\/v2\/users\/1"}],"replies":[{"embeddable":true,"href":"https:\/\/mundofotografico.net\/quito\/wp-json\/wp\/v2\/comments?post=150"}],"version-history":[{"count":4,"href":"https:\/\/mundofotografico.net\/quito\/wp-json\/wp\/v2\/pages\/150\/revisions"}],"predecessor-version":[{"id":156,"href":"https:\/\/mundofotografico.net\/quito\/wp-json\/wp\/v2\/pages\/150\/revisions\/156"}],"wp:attachment":[{"href":"https:\/\/mundofotografico.net\/quito\/wp-json\/wp\/v2\/media?parent=150"}],"curies":[{"name":"wp","href":"https:\/\/api.w.org\/{rel}","templated":true}]}}